{"id":40,"date":"2025-05-30T11:10:46","date_gmt":"2025-05-30T11:10:46","guid":{"rendered":"https:\/\/www.reclamarirphhipoteca.com\/index.php\/personalizar-cookies\/"},"modified":"2025-05-30T11:10:46","modified_gmt":"2025-05-30T11:10:46","slug":"personalizar-cookies","status":"publish","type":"page","link":"https:\/\/www.reclamarirphhipoteca.com\/index.php\/personalizar-cookies\/","title":{"rendered":"Personalizar Cookies"},"content":{"rendered":"\n<div>\n      <div id=\"custom-cookies-eu-label\">\n          El sitio Web https:\/\/www.reclamarirphhipoteca.com utiliza cookies propias  para su correcto funcionamiento. Al hacer clic en el bot\u00f3n Aceptar, acepta el uso de estas tecnolog\u00edas y el procesamiento de sus datos para estos prop\u00f3sitos.          \n\n      <\/div>\n\n      <div id=\"custom-cookies-eu-buttons\" class=\"cookies-eu-buttons\">\n        <button id=\"custom-cookies-eu-reject\" class=\"cookies-eu-reject\">Rechazar<\/button>\n        <button id=\"custom-cookies-eu-accept\" class=\"cookies-eu-accept\">ACEPTAR TODAS LAS COOKIES<\/button><\/div>\n      <\/div>\n\n<br\/>\n<p>\n\tPuedes cambiar tus preferencias de cookies en cualquier momento si vuelves a la p\u00e1gina de Personalizar cookies, a la que puedes acceder a trav\u00e9s del Aviso de cookies. \n<\/p>\n\n<h3>Cookies t\u00e9cnicas<\/h3>\n<p>\n\tSon aquellas que permiten a los usuarios registrados navegar a trav\u00e9s del sitio Web, del \u00e1rea restringida y a utilizar sus diferentes funciones, como por ejemplo, el sistema de comentarios o el buscador y no pueden ser desactivadas.\n<\/p>\n\n\n\n","protected":false},"excerpt":{"rendered":"<p>El sitio Web https:\/\/www.reclamarirphhipoteca.com utiliza cookies propias para su correcto funcionamiento. Al hacer clic en el bot\u00f3n Aceptar, acepta el uso de estas tecnolog\u00edas y el procesamiento de sus datos para estos prop\u00f3sitos. Rechazar ACEPTAR TODAS LAS COOKIES Puedes cambiar tus preferencias de cookies en cualquier momento si vuelves a la p\u00e1gina de Personalizar cookies, [&hellip;]<\/p>\n","protected":false},"author":1,"featured_media":0,"parent":0,"menu_order":0,"comment_status":"closed","ping_status":"closed","template":"","meta":{"_et_pb_use_builder":"","_et_pb_old_content":"","_et_gb_content_width":"","footnotes":""},"class_list":["post-40","page","type-page","status-publish","hentry"],"_links":{"self":[{"href":"https:\/\/www.reclamarirphhipoteca.com\/index.php\/wp-json\/wp\/v2\/pages\/40","targetHints":{"allow":["GET"]}}],"collection":[{"href":"https:\/\/www.reclamarirphhipoteca.com\/index.php\/wp-json\/wp\/v2\/pages"}],"about":[{"href":"https:\/\/www.reclamarirphhipoteca.com\/index.php\/wp-json\/wp\/v2\/types\/page"}],"author":[{"embeddable":true,"href":"https:\/\/www.reclamarirphhipoteca.com\/index.php\/wp-json\/wp\/v2\/users\/1"}],"replies":[{"embeddable":true,"href":"https:\/\/www.reclamarirphhipoteca.com\/index.php\/wp-json\/wp\/v2\/comments?post=40"}],"version-history":[{"count":0,"href":"https:\/\/www.reclamarirphhipoteca.com\/index.php\/wp-json\/wp\/v2\/pages\/40\/revisions"}],"wp:attachment":[{"href":"https:\/\/www.reclamarirphhipoteca.com\/index.php\/wp-json\/wp\/v2\/media?parent=40"}],"curies":[{"name":"wp","href":"https:\/\/api.w.org\/{rel}","templated":true}]}}